{"id":1460,"date":"2020-05-26T11:37:17","date_gmt":"2020-05-26T09:37:17","guid":{"rendered":"https:\/\/www.crorent.com\/themes\/5\/?page_id=1460"},"modified":"2020-05-27T12:01:13","modified_gmt":"2020-05-27T10:01:13","slug":"object","status":"publish","type":"page","link":"https:\/\/www.crorent.com\/themes\/5\/elements\/object\/","title":{"rendered":"Object"},"content":{"rendered":"<p>[et_pb_section fb_built=&#8221;1&#8243; _builder_version=&#8221;4.4.7&#8243; custom_margin=&#8221;73px||||false|false&#8221; custom_padding=&#8221;51px||7px||false|false&#8221;][et_pb_row _builder_version=&#8221;4.4.7&#8243; custom_padding=&#8221;0px||0px|||&#8221; locked=&#8221;off&#8221;][et_pb_column type=&#8221;4_4&#8243; _builder_version=&#8221;4.4.7&#8243;][et_pb_text _builder_version=&#8221;4.4.7&#8243; header_text_align=&#8221;center&#8221; header_font_size=&#8221;40px&#8221; header_2_text_align=&#8221;center&#8221; header_2_font_size=&#8221;33px&#8221; locked=&#8221;off&#8221;]<\/p>\n<h1>About hotel<\/h1>\n<p>[\/et_pb_text][\/et_pb_column][\/et_pb_row][\/et_pb_section][et_pb_section fb_built=&#8221;1&#8243; _builder_version=&#8221;4.4.7&#8243; custom_margin=&#8221;0px||||false|false&#8221; custom_padding=&#8221;0px||50px||false|false&#8221;][et_pb_row column_structure=&#8221;1_2,1_2&#8243; use_custom_gutter=&#8221;on&#8221; gutter_width=&#8221;2&#8243; make_equal=&#8221;on&#8221; _builder_version=&#8221;4.4.7&#8243;][et_pb_column type=&#8221;1_2&#8243; _builder_version=&#8221;4.4.7&#8243;][et_pb_gallery gallery_ids=&#8221;59,61,60,58,57&#8243; fullwidth=&#8221;on&#8221; _builder_version=&#8221;4.4.7&#8243; auto=&#8221;on&#8221; auto_speed=&#8221;5000&#8243;][\/et_pb_gallery][\/et_pb_column][et_pb_column type=&#8221;1_2&#8243; _builder_version=&#8221;4.4.7&#8243; custom_padding=&#8221;||||false|false&#8221; border_color_all=&#8221;#F5F5F8&#8243;][et_pb_code _builder_version=&#8221;4.4.7&#8243;][et_pb_section global_module=\"1337\"][\/et_pb_section][\/et_pb_code][\/et_pb_column][\/et_pb_row][\/et_pb_section][et_pb_section fb_built=&#8221;1&#8243; _builder_version=&#8221;4.4.7&#8243; background_color=&#8221;#F5F5F8&#8243; custom_margin=&#8221;0px||||false|false&#8221; custom_padding=&#8221;60px||7px||false|false&#8221;][et_pb_row _builder_version=&#8221;4.4.7&#8243; custom_margin=&#8221;|auto|2px|auto||&#8221; custom_padding=&#8221;0px||0px|||&#8221; locked=&#8221;off&#8221;][et_pb_column type=&#8221;4_4&#8243; _builder_version=&#8221;4.4.7&#8243;][et_pb_text _builder_version=&#8221;4.4.7&#8243; header_2_text_align=&#8221;center&#8221; header_2_font_size=&#8221;33px&#8221; locked=&#8221;off&#8221;]<\/p>\n<h2>Room <strong>types<\/strong><\/h2>\n<p>[\/et_pb_text][\/et_pb_column][\/et_pb_row][et_pb_row column_structure=&#8221;1_4,1_4,1_4,1_4&#8243; use_custom_gutter=&#8221;on&#8221; gutter_width=&#8221;2&#8243; custom_padding_last_edited=&#8221;on|desktop&#8221; _builder_version=&#8221;4.4.7&#8243; custom_padding=&#8221;26px|||||&#8221; custom_padding_tablet=&#8221;||0px||false|false&#8221; custom_padding_phone=&#8221;&#8221; locked=&#8221;off&#8221;][et_pb_column type=&#8221;1_4&#8243; _builder_version=&#8221;4.4.4&#8243;][et_pb_blurb title=&#8221;Standard room&#8221; image=&#8221;https:\/\/www.crorent.com\/themes\/5\/wp-content\/uploads\/2020\/04\/interior-3.jpg&#8221; module_class=&#8221;home-room&#8221; _builder_version=&#8221;4.4.5&#8243; header_text_align=&#8221;center&#8221; header_font_size=&#8221;24px&#8221; body_text_align=&#8221;center&#8221; body_font_size=&#8221;16px&#8221; background_color=&#8221;rgba(0,0,0,0)&#8221; custom_padding=&#8221;||41px||false|false&#8221; link_option_url=&#8221;#&#8221; border_color_all=&#8221;rgba(8,34,94,0.14)&#8221; box_shadow_color__hover_enabled=&#8221;on|hover&#8221; box_shadow_color__hover=&#8221;#fab740&#8243; box_shadow_vertical__hover_enabled=&#8221;on|hover&#8221; box_shadow_vertical__hover=&#8221;8px&#8221; transform_styles__hover_enabled=&#8221;on|hover&#8221; transform_scale__hover_enabled=&#8221;on|hover&#8221; transform_translate__hover_enabled=&#8221;on|hover&#8221; transform_rotate__hover_enabled=&#8221;on|hover&#8221; transform_skew__hover_enabled=&#8221;on|hover&#8221; transform_origin__hover_enabled=&#8221;on|hover&#8221; background__hover_enabled=&#8221;on|desktop&#8221; background_color__hover=&#8221;#f5f5f8&#8243; background_enable_color__hover=&#8221;on&#8221;]<\/p>\n<p><em>from<\/em> <strong>250\u20ac\u00a0<\/strong>\/ night | <span class=\"et-pb-icon\">\ue033<\/span><span class=\"et-pb-icon\">\ue033<\/span><span class=\"et-pb-icon\">\ue033<\/span><\/p>\n<p>[\/et_pb_blurb][\/et_pb_column][et_pb_column type=&#8221;1_4&#8243; _builder_version=&#8221;4.4.4&#8243;][et_pb_blurb title=&#8221;Superior room&#8221; image=&#8221;https:\/\/www.crorent.com\/themes\/5\/wp-content\/uploads\/2020\/04\/interior-4.jpg&#8221; module_class=&#8221;home-room&#8221; _builder_version=&#8221;4.4.4&#8243; header_text_align=&#8221;center&#8221; header_font_size=&#8221;24px&#8221; body_text_align=&#8221;center&#8221; body_font_size=&#8221;16px&#8221; background_color=&#8221;rgba(0,0,0,0)&#8221; custom_padding=&#8221;||41px||false|false&#8221; link_option_url=&#8221;#&#8221; border_color_all=&#8221;rgba(8,34,94,0.14)&#8221; box_shadow_vertical__hover=&#8221;8px&#8221; box_shadow_vertical__hover_enabled=&#8221;on|hover&#8221; box_shadow_color__hover=&#8221;#fab740&#8243; box_shadow_color__hover_enabled=&#8221;on|hover&#8221; transform_styles__hover_enabled=&#8221;on|hover&#8221; transform_scale__hover_enabled=&#8221;on|hover&#8221; transform_translate__hover_enabled=&#8221;on|desktop&#8221; transform_rotate__hover_enabled=&#8221;on|desktop&#8221; transform_skew__hover_enabled=&#8221;on|desktop&#8221; transform_origin__hover_enabled=&#8221;on|desktop&#8221; background_color__hover=&#8221;#f5f5f8&#8243; background__hover_enabled=&#8221;on|desktop&#8221; background_enable_color__hover=&#8221;on&#8221;]<\/p>\n<p><em>from<\/em> <strong>280\u20ac\u00a0<\/strong>\/ night | <span class=\"et-pb-icon\">\ue033<\/span><span class=\"et-pb-icon\">\ue033<\/span><span class=\"et-pb-icon\">\ue033\ue033\ue033<\/span><\/p>\n<p>[\/et_pb_blurb][\/et_pb_column][et_pb_column type=&#8221;1_4&#8243; _builder_version=&#8221;4.4.4&#8243;][et_pb_blurb title=&#8221;Terrace room&#8221; image=&#8221;https:\/\/www.crorent.com\/themes\/5\/wp-content\/uploads\/2020\/04\/interior-2.jpg&#8221; module_class=&#8221;home-room&#8221; _builder_version=&#8221;4.4.4&#8243; header_text_align=&#8221;center&#8221; header_font_size=&#8221;24px&#8221; body_text_align=&#8221;center&#8221; body_font_size=&#8221;16px&#8221; background_color=&#8221;rgba(0,0,0,0)&#8221; custom_padding=&#8221;||41px||false|false&#8221; link_option_url=&#8221;#&#8221; border_color_all=&#8221;rgba(8,34,94,0.14)&#8221; box_shadow_vertical__hover=&#8221;8px&#8221; box_shadow_vertical__hover_enabled=&#8221;on|hover&#8221; box_shadow_color__hover=&#8221;#fab740&#8243; box_shadow_color__hover_enabled=&#8221;on|hover&#8221; transform_styles__hover_enabled=&#8221;on|hover&#8221; transform_scale__hover_enabled=&#8221;on|hover&#8221; transform_translate__hover_enabled=&#8221;on|hover&#8221; transform_rotate__hover_enabled=&#8221;on|desktop&#8221; transform_skew__hover_enabled=&#8221;on|desktop&#8221; transform_origin__hover_enabled=&#8221;on|desktop&#8221; background_color__hover=&#8221;#f5f5f8&#8243; background__hover_enabled=&#8221;on|desktop&#8221; background_enable_color__hover=&#8221;on&#8221;]<\/p>\n<p><em>from<\/em> <strong>360\u20ac\u00a0<\/strong>\/ night | <span class=\"et-pb-icon\">\ue033<\/span><span class=\"et-pb-icon\">\ue033<\/span><span class=\"et-pb-icon\">\ue033\ue033<\/span><\/p>\n<p>[\/et_pb_blurb][\/et_pb_column][et_pb_column type=&#8221;1_4&#8243; _builder_version=&#8221;4.4.4&#8243;][et_pb_blurb title=&#8221;Tripple room&#8221; image=&#8221;https:\/\/www.crorent.com\/themes\/5\/wp-content\/uploads\/2020\/04\/interior-5.jpg&#8221; module_class=&#8221;home-room&#8221; _builder_version=&#8221;4.4.4&#8243; header_text_align=&#8221;center&#8221; header_font_size=&#8221;24px&#8221; body_text_align=&#8221;center&#8221; body_font_size=&#8221;16px&#8221; background_color=&#8221;rgba(0,0,0,0)&#8221; transform_scale_linked=&#8221;off&#8221; custom_padding=&#8221;||41px||false|false&#8221; link_option_url=&#8221;#&#8221; border_color_all=&#8221;rgba(8,34,94,0.14)&#8221; box_shadow_vertical__hover=&#8221;8px&#8221; box_shadow_vertical__hover_enabled=&#8221;on|hover&#8221; box_shadow_color__hover=&#8221;#fab740&#8243; box_shadow_color__hover_enabled=&#8221;on|hover&#8221; transform_styles__hover_enabled=&#8221;on|hover&#8221; transform_scale__hover_enabled=&#8221;on|hover&#8221; transform_translate__hover_enabled=&#8221;on|hover&#8221; transform_rotate__hover_enabled=&#8221;on|desktop&#8221; transform_skew__hover_enabled=&#8221;on|desktop&#8221; transform_origin__hover_enabled=&#8221;on|desktop&#8221; background_color__hover=&#8221;#f5f5f8&#8243; background__hover_enabled=&#8221;on|desktop&#8221; background_enable_color__hover=&#8221;on&#8221;]<\/p>\n<p><em>from<\/em> <strong>450\u20ac\u00a0<\/strong>\/ night | <span class=\"et-pb-icon\">\ue033<\/span><span class=\"et-pb-icon\">\ue033<\/span><span class=\"et-pb-icon\">\ue033<\/span><span class=\"et-pb-icon\">\ue033<\/span><\/p>\n<p>[\/et_pb_blurb][\/et_pb_column][\/et_pb_row][\/et_pb_section][et_pb_section fb_built=&#8221;1&#8243; _builder_version=&#8221;4.4.7&#8243; background_color=&#8221;#ffffff&#8221; custom_padding=&#8221;64px|||||&#8221; locked=&#8221;off&#8221;][et_pb_row _builder_version=&#8221;4.4.7&#8243; custom_padding=&#8221;0px||0px|||&#8221; locked=&#8221;off&#8221;][et_pb_column type=&#8221;4_4&#8243; _builder_version=&#8221;4.4.7&#8243;][et_pb_text _builder_version=&#8221;4.4.7&#8243; header_2_text_align=&#8221;center&#8221; header_2_font_size=&#8221;33px&#8221; custom_margin=&#8221;||19px|||&#8221; locked=&#8221;off&#8221;]<\/p>\n<h2>Hotel <strong>description<\/strong><\/h2>\n<p>[\/et_pb_text][et_pb_text _builder_version=&#8221;4.4.7&#8243; custom_margin=&#8221;||10px|||&#8221;]<\/p>\n<p>Ponekad samo izgled hotela nije ono \u0161to bi zadovoljilo visoke kriterije gostiju. Zbog toga smo ponosni na \u010dinjenicu \u0161to je hotel Split obiteljski hotel i kao takav omogu\u0107ava prijateljski odnos s gostima u kombinaciji s entuzijazmom i profesionalnost na najvi\u0161oj razini. Vo\u0111eni stra\u0161\u0107u i iskustvom u hotelijerstvu, obitelj Tomi\u0107 imala je jasnu viziju o osnivanju brenda koji \u0107e uz suvremeni dizajn i tehnologije, svojim gostima pobu\u0111ivati osje\u0107aj doma udaljenog od njihovog doma. Tako\u0111er, zbog veli\u010dine hotela i na\u010dina poslovanja, svaki gost osjetit \u0107e personalizirani pristup u zadovoljavanju iskazanih \u017eelja i prohtjeva, dok \u0107e svi djelatnici i Uprava hotela pokazati fleksibilnost i spremnost da Va\u0161 boravak u na\u0161em hotelu bude nezaboravan, bilo da ste do\u0161li na odmor ili s namjerom obavljanja nekakve poslovne djelatnosti<\/p>\n<p>[\/et_pb_text][et_pb_text _builder_version=&#8221;4.4.7&#8243; header_2_text_align=&#8221;center&#8221; header_2_font_size=&#8221;33px&#8221; header_3_font=&#8221;Open Sans|700||on|||||&#8221; header_3_text_align=&#8221;center&#8221; header_3_font_size=&#8221;18px&#8221; custom_margin=&#8221;30px||34px||false|false&#8221; custom_padding=&#8221;1px||20px||false|false&#8221; border_width_bottom=&#8221;1px&#8221; border_color_bottom=&#8221;#e4e4ea&#8221; locked=&#8221;off&#8221;]<\/p>\n<h3>Facilities<\/h3>\n<p>[\/et_pb_text][et_pb_text module_class=&#8221;facilities&#8221; _builder_version=&#8221;4.4.7&#8243;]<\/p>\n<ul>\n<li>Lorem ipsum dolor sit<span class=\"et-pb-icon\">N<\/span><\/li>\n<li>Elementum integer<span class=\"et-pb-icon\">N<\/span><\/li>\n<li>Sit amet commodo<span class=\"et-pb-icon\">N<\/span><\/li>\n<li>Lorem ipsum dolor sit<span class=\"et-pb-icon\">&#x4d;<\/span><\/li>\n<li>Lorem ipsum dolor sit<span class=\"et-pb-icon\">N<\/span><\/li>\n<li>Lorem ipsum dolor sit<span class=\"et-pb-icon\">N<\/span><\/li>\n<li>Lorem ipsum dolor sit<span class=\"et-pb-icon\">&#x4d;<\/span><\/li>\n<li>Lorem ipsum dolor sit<span class=\"et-pb-icon\">N<\/span><\/li>\n<li>Lorem ipsum dolor sit<span class=\"et-pb-icon\">N<\/span><\/li>\n<li>Lorem ipsum dolor sit<span class=\"et-pb-icon\">N<\/span><\/li>\n<li>Lorem ipsum dolor sit<span class=\"et-pb-icon\">N<\/span><\/li>\n<li>Lorem ipsum dolor sit<span class=\"et-pb-icon\">N<\/span><\/li>\n<li>Lorem ipsum dolor sit<span class=\"et-pb-icon\">N<\/span><\/li>\n<li>Lorem ipsum dolor sit<span class=\"et-pb-icon\">N<\/span><\/li>\n<li>Lorem ipsum dolor sit<span class=\"et-pb-icon\">N<\/span><\/li>\n<li>Lorem ipsum dolor sit<span class=\"et-pb-icon\">&#x4d;<\/span><\/li>\n<li>Lorem ipsum dolor sit<span class=\"et-pb-icon\">N<\/span><\/li>\n<li>Lorem ipsum dolor sit<span class=\"et-pb-icon\">&#x4d;<\/span><\/li>\n<li>Lorem ipsum dolor sit<span class=\"et-pb-icon\">N<\/span><\/li>\n<li>Lorem ipsum dolor sit<span class=\"et-pb-icon\">&#x4d;<\/span><\/li>\n<\/ul>\n<p>[\/et_pb_text][\/et_pb_column][\/et_pb_row][\/et_pb_section][et_pb_section fb_built=&#8221;1&#8243; _builder_version=&#8221;4.4.7&#8243; background_color=&#8221;#F5F5F8&#8243; custom_padding=&#8221;33px||49px|||&#8221; locked=&#8221;off&#8221;][et_pb_row _builder_version=&#8221;4.4.7&#8243;][et_pb_column type=&#8221;4_4&#8243; _builder_version=&#8221;4.4.7&#8243;][et_pb_text _builder_version=&#8221;4.4.7&#8243; header_2_text_align=&#8221;center&#8221; header_2_font_size=&#8221;33px&#8221; custom_margin=&#8221;||1px|||&#8221; locked=&#8221;off&#8221;]<\/p>\n<h2>Our <strong>speciality<\/strong><\/h2>\n<p>[\/et_pb_text][\/et_pb_column][\/et_pb_row][et_pb_row column_structure=&#8221;1_3,1_3,1_3&#8243; use_custom_gutter=&#8221;on&#8221; gutter_width=&#8221;2&#8243; _builder_version=&#8221;4.4.4&#8243; custom_padding=&#8221;0px|||||&#8221; locked=&#8221;off&#8221;][et_pb_column type=&#8221;1_3&#8243; _builder_version=&#8221;4.4.4&#8243;][diha_image_hover hover_style=&#8221;modal-hinge-up&#8221; image=&#8221;https:\/\/www.crorent.com\/themes\/5\/wp-content\/uploads\/2020\/04\/restaurant.jpg&#8221; title=&#8221;Mediterranean cuisine&#8221; description=&#8221;Lorem ipsum dolor sit amet, consectetur adipiscing elit, sed do eiusmod tempor incididunt ut labore et dolore magna. &#8221; background_color=&#8221;#071740&#8243; _builder_version=&#8221;4.4.5&#8243; _dynamic_attributes=&#8221;link_option_url&#8221; description_font_size=&#8221;13px&#8221; description_line_height=&#8221;1.4em&#8221; link_option_url=&#8221;@ET-DC@eyJkeW5hbWljIjp0cnVlLCJjb250ZW50IjoicG9zdF9saW5rX3VybF9wYWdlIiwic2V0dGluZ3MiOnsicG9zdF9pZCI6IjM2MCJ9fQ==@&#8221;][\/diha_image_hover][et_pb_text _builder_version=&#8221;4.4.5&#8243; _dynamic_attributes=&#8221;link_option_url&#8221; text_font=&#8221;||||||||&#8221; text_text_color=&#8221;#071740&#8243; text_font_size=&#8221;20px&#8221; text_orientation=&#8221;center&#8221; custom_margin=&#8221;-5px||||false|false&#8221; custom_margin_tablet=&#8221;&#8221; custom_margin_phone=&#8221;||30px||false|false&#8221; custom_margin_last_edited=&#8221;on|phone&#8221; link_option_url=&#8221;@ET-DC@eyJkeW5hbWljIjp0cnVlLCJjb250ZW50IjoicG9zdF9saW5rX3VybF9wYWdlIiwic2V0dGluZ3MiOnsicG9zdF9pZCI6IjM2MCJ9fQ==@&#8221;]<\/p>\n<p>Restaurant<\/p>\n<p>[\/et_pb_text][\/et_pb_column][et_pb_column type=&#8221;1_3&#8243; _builder_version=&#8221;4.4.4&#8243;][diha_image_hover hover_style=&#8221;modal-hinge-up&#8221; image=&#8221;https:\/\/www.crorent.com\/themes\/5\/wp-content\/uploads\/2020\/04\/business.jpg&#8221; title=&#8221;Multimedial meetings&#8221; description=&#8221;Lorem ipsum dolor sit amet, consectetur adipiscing elit, sed do eiusmod tempor incididunt ut labore et dolore magna. &#8221; background_color=&#8221;#071740&#8243; _builder_version=&#8221;4.4.5&#8243; _dynamic_attributes=&#8221;link_option_url&#8221; description_font_size=&#8221;13px&#8221; description_line_height=&#8221;1.4em&#8221; link_option_url=&#8221;@ET-DC@eyJkeW5hbWljIjp0cnVlLCJjb250ZW50IjoicG9zdF9saW5rX3VybF9wYWdlIiwic2V0dGluZ3MiOnsicG9zdF9pZCI6IjQxNSJ9fQ==@&#8221;][\/diha_image_hover][et_pb_text _builder_version=&#8221;4.4.5&#8243; _dynamic_attributes=&#8221;link_option_url&#8221; text_font=&#8221;||||||||&#8221; text_text_color=&#8221;#071740&#8243; text_font_size=&#8221;20px&#8221; text_orientation=&#8221;center&#8221; custom_margin=&#8221;-5px||||false|false&#8221; custom_margin_tablet=&#8221;&#8221; custom_margin_phone=&#8221;-5px||30px||false|false&#8221; custom_margin_last_edited=&#8221;on|phone&#8221; link_option_url=&#8221;@ET-DC@eyJkeW5hbWljIjp0cnVlLCJjb250ZW50IjoicG9zdF9saW5rX3VybF9wYWdlIiwic2V0dGluZ3MiOnsicG9zdF9pZCI6IjQxNSJ9fQ==@&#8221;]<\/p>\n<p>Business<\/p>\n<p>[\/et_pb_text][\/et_pb_column][et_pb_column type=&#8221;1_3&#8243; _builder_version=&#8221;4.4.4&#8243;][diha_image_hover hover_style=&#8221;modal-hinge-up&#8221; image=&#8221;https:\/\/www.crorent.com\/themes\/5\/wp-content\/uploads\/2020\/04\/wellness.jpg&#8221; title=&#8221;Unforgettable relax&#8221; description=&#8221;Lorem ipsum dolor sit amet, consectetur adipiscing elit, sed do eiusmod tempor incididunt ut labore et dolore magna. &#8221; background_color=&#8221;#071740&#8243; _builder_version=&#8221;4.4.5&#8243; _dynamic_attributes=&#8221;link_option_url&#8221; description_font_size=&#8221;13px&#8221; description_line_height=&#8221;1.4em&#8221; link_option_url=&#8221;@ET-DC@eyJkeW5hbWljIjp0cnVlLCJjb250ZW50IjoicG9zdF9saW5rX3VybF9wYWdlIiwic2V0dGluZ3MiOnsicG9zdF9pZCI6IjQwMSJ9fQ==@&#8221;][\/diha_image_hover][et_pb_text _builder_version=&#8221;4.4.5&#8243; _dynamic_attributes=&#8221;link_option_url&#8221; text_font=&#8221;||||||||&#8221; text_text_color=&#8221;#071740&#8243; text_font_size=&#8221;20px&#8221; text_orientation=&#8221;center&#8221; custom_margin=&#8221;-5px||||false|false&#8221; link_option_url=&#8221;@ET-DC@eyJkeW5hbWljIjp0cnVlLCJjb250ZW50IjoicG9zdF9saW5rX3VybF9wYWdlIiwic2V0dGluZ3MiOnsicG9zdF9pZCI6IjQwMSJ9fQ==@&#8221;]<\/p>\n<p>Wellness<\/p>\n<p>[\/et_pb_text][\/et_pb_column][\/et_pb_row][\/et_pb_section][et_pb_section fb_built=&#8221;1&#8243; _builder_version=&#8221;4.4.7&#8243; background_enable_color=&#8221;off&#8221; custom_padding=&#8221;20px||20px||true|&#8221; locked=&#8221;off&#8221;][et_pb_row _builder_version=&#8221;4.4.7&#8243; custom_padding=&#8221;47px||0px|||&#8221; locked=&#8221;off&#8221;][et_pb_column type=&#8221;4_4&#8243; _builder_version=&#8221;4.4.7&#8243;][et_pb_text _builder_version=&#8221;4.4.7&#8243; header_2_text_align=&#8221;center&#8221; header_2_font_size=&#8221;33px&#8221; custom_margin=&#8221;||30px|||&#8221; locked=&#8221;off&#8221;]<\/p>\n<h2>Guest <strong>services<\/strong><\/h2>\n<p>[\/et_pb_text][et_pb_text module_class=&#8221;guest-services&#8221; _builder_version=&#8221;4.4.7&#8243; custom_margin=&#8221;||51px|||&#8221;]<\/p>\n<ul>\n<li>Breakfast service free of charge, served from 06:30 a.m. \u2013 10:00 a.m.<\/li>\n<li>Wi-fi free of charge<\/li>\n<li>Fitness center free of charge, available 24\/7<\/li>\n<li>Business center free of charge, available 24\/7<\/li>\n<li>Copy services, charge 0,13 \u20ac per page<\/li>\n<li>Fax services, free of charge<\/li>\n<li>Restaurant services, hotel guests have 10% discount on regular rates<\/li>\n<li>Room service (6:30 a.m. to 10 p.m.), charge is 20% on regular rates<\/li>\n<li>Parking service, charge 14,00 \u20ac per day during week days (Mon \u2013 Thu), 12,00 \u20ac per day during weekend (Fri \u2013 Sun)<\/li>\n<li>Transfer services from\/ to airport, charge is 27,00 \u20ac one way<\/li>\n<li>Hairdresser services, hotel guests have 20% price discount<\/li>\n<li>Beauty salon services, hotel guests have 20% price discount<\/li>\n<\/ul>\n<p>[\/et_pb_text][\/et_pb_column][\/et_pb_row][\/et_pb_section]<\/p>\n","protected":false},"excerpt":{"rendered":"<p>[et_pb_section fb_built=&#8221;1&#8243; _builder_version=&#8221;4.4.7&#8243; custom_margin=&#8221;73px||||false|false&#8221; custom_padding=&#8221;51px||7px||false|false&#8221;][et_pb_row _builder_version=&#8221;4.4.7&#8243; custom_padding=&#8221;0px||0px|||&#8221; locked=&#8221;off&#8221;][et_pb_column type=&#8221;4_4&#8243; _builder_version=&#8221;4.4.7&#8243;][et_pb_text _builder_version=&#8221;4.4.7&#8243; header_text_align=&#8221;center&#8221; header_font_size=&#8221;40px&#8221; header_2_text_align=&#8221;center&#8221; header_2_font_size=&#8221;33px&#8221; locked=&#8221;off&#8221;] About hotel [\/et_pb_text][\/et_pb_column][\/et_pb_row][\/et_pb_section][et_pb_section fb_built=&#8221;1&#8243; _builder_version=&#8221;4.4.7&#8243; custom_margin=&#8221;0px||||false|false&#8221; custom_padding=&#8221;0px||50px||false|false&#8221;][et_pb_row column_structure=&#8221;1_2,1_2&#8243; use_custom_gutter=&#8221;on&#8221; gutter_width=&#8221;2&#8243; make_equal=&#8221;on&#8221; _builder_version=&#8221;4.4.7&#8243;][et_pb_column type=&#8221;1_2&#8243; _builder_version=&#8221;4.4.7&#8243;][et_pb_gallery gallery_ids=&#8221;59,61,60,58,57&#8243; fullwidth=&#8221;on&#8221; _builder_version=&#8221;4.4.7&#8243; auto=&#8221;on&#8221; auto_speed=&#8221;5000&#8243;][\/et_pb_gallery][\/et_pb_column][et_pb_column type=&#8221;1_2&#8243; _builder_version=&#8221;4.4.7&#8243; custom_padding=&#8221;||||false|false&#8221; border_color_all=&#8221;#F5F5F8&#8243;][et_pb_code _builder_version=&#8221;4.4.7&#8243;][\/et_pb_code][\/et_pb_column][\/et_pb_row][\/et_pb_section][et_pb_section fb_built=&#8221;1&#8243; _builder_version=&#8221;4.4.7&#8243; background_color=&#8221;#F5F5F8&#8243; custom_margin=&#8221;0px||||false|false&#8221; custom_padding=&#8221;60px||7px||false|false&#8221;][et_pb_row _builder_version=&#8221;4.4.7&#8243; custom_margin=&#8221;|auto|2px|auto||&#8221; custom_padding=&#8221;0px||0px|||&#8221; locked=&#8221;off&#8221;][et_pb_column type=&#8221;4_4&#8243; _builder_version=&#8221;4.4.7&#8243;][et_pb_text _builder_version=&#8221;4.4.7&#8243; header_2_text_align=&#8221;center&#8221; header_2_font_size=&#8221;33px&#8221; locked=&#8221;off&#8221;] [&hellip;]<\/p>\n","protected":false},"author":1,"featured_media":0,"parent":1061,"menu_order":0,"comment_status":"closed","ping_status":"closed","template":"","meta":{"_et_pb_use_builder":"on","_et_pb_old_content":"","_et_gb_content_width":""},"_links":{"self":[{"href":"https:\/\/www.crorent.com\/themes\/5\/wp-json\/wp\/v2\/pages\/1460"}],"collection":[{"href":"https:\/\/www.crorent.com\/themes\/5\/wp-json\/wp\/v2\/pages"}],"about":[{"href":"https:\/\/www.crorent.com\/themes\/5\/wp-json\/wp\/v2\/types\/page"}],"author":[{"embeddable":true,"href":"https:\/\/www.crorent.com\/themes\/5\/wp-json\/wp\/v2\/users\/1"}],"replies":[{"embeddable":true,"href":"https:\/\/www.crorent.com\/themes\/5\/wp-json\/wp\/v2\/comments?post=1460"}],"version-history":[{"count":31,"href":"https:\/\/www.crorent.com\/themes\/5\/wp-json\/wp\/v2\/pages\/1460\/revisions"}],"predecessor-version":[{"id":1609,"href":"https:\/\/www.crorent.com\/themes\/5\/wp-json\/wp\/v2\/pages\/1460\/revisions\/1609"}],"up":[{"embeddable":true,"href":"https:\/\/www.crorent.com\/themes\/5\/wp-json\/wp\/v2\/pages\/1061"}],"wp:attachment":[{"href":"https:\/\/www.crorent.com\/themes\/5\/wp-json\/wp\/v2\/media?parent=1460"}],"curies":[{"name":"wp","href":"https:\/\/api.w.org\/{rel}","templated":true}]}}