{"id":1391,"date":"2020-05-28T11:25:36","date_gmt":"2020-05-28T09:25:36","guid":{"rendered":"https:\/\/www.crorent.com\/themes\/6\/?page_id=1391"},"modified":"2020-05-29T09:59:10","modified_gmt":"2020-05-29T07:59:10","slug":"about-hotel","status":"publish","type":"page","link":"https:\/\/www.crorent.com\/themes\/6\/about-hotel\/","title":{"rendered":"About hotel"},"content":{"rendered":"<p>[et_pb_section fb_built=&#8221;1&#8243; _builder_version=&#8221;4.4.5&#8243; custom_padding=&#8221;0px||0px|||&#8221; locked=&#8221;off&#8221;][et_pb_row custom_padding_last_edited=&#8221;on|phone&#8221; _builder_version=&#8221;4.4.7&#8243; background_image=&#8221;https:\/\/www.crorent.com\/themes\/6\/wp-content\/uploads\/2020\/05\/slide-2.jpg&#8221; custom_padding=&#8221;420px||0px||false|false&#8221; custom_padding_tablet=&#8221;&#8221; custom_padding_phone=&#8221;320px||||false|false&#8221;][et_pb_column type=&#8221;4_4&#8243; _builder_version=&#8221;4.4.6&#8243;][et_pb_text _builder_version=&#8221;4.4.7&#8243; header_text_align=&#8221;center&#8221; header_font_size=&#8221;36px&#8221; background_color=&#8221;#ffffff&#8221; positioning=&#8221;absolute&#8221; position_origin_a=&#8221;bottom_center&#8221; width=&#8221;80%&#8221; custom_padding=&#8221;15px|45px|8px|45px|false|true&#8221; custom_padding_tablet=&#8221;&#8221; custom_padding_phone=&#8221;15px|30px|8px|30px|false|true&#8221; custom_padding_last_edited=&#8221;on|phone&#8221; header_font_size_tablet=&#8221;33px&#8221; header_font_size_phone=&#8221;&#8221; header_font_size_last_edited=&#8221;on|tablet&#8221;]<\/p>\n<h1>About hotel<\/h1>\n<p>[\/et_pb_text][\/et_pb_column][\/et_pb_row][\/et_pb_section][et_pb_section fb_built=&#8221;1&#8243; _builder_version=&#8221;4.4.6&#8243; z_index=&#8221;0&#8243; custom_padding=&#8221;2px||16px||false|false&#8221;][et_pb_row _builder_version=&#8221;4.4.6&#8243; custom_margin=&#8221;-1px||0px||false|false&#8221; custom_padding=&#8221;0px||0px||false|false&#8221; locked=&#8221;off&#8221;][et_pb_column type=&#8221;4_4&#8243; _builder_version=&#8221;4.4.5&#8243;][et_pb_divider _builder_version=&#8221;4.4.5&#8243; width=&#8221;100px&#8221; module_alignment=&#8221;center&#8221; custom_margin=&#8221;||0px||false|false&#8221; custom_padding=&#8221;||0px||false|false&#8221;][\/et_pb_divider][\/et_pb_column][\/et_pb_row][et_pb_row column_structure=&#8221;1_6,1_6,1_6,1_6,1_6,1_6&#8243; use_custom_gutter=&#8221;on&#8221; gutter_width=&#8221;1&#8243; module_class=&#8221;hotel-features-wrapper&#8221; _builder_version=&#8221;4.4.7&#8243; hover_enabled=&#8221;0&#8243; custom_margin_last_edited=&#8221;on|tablet&#8221; custom_padding=&#8221;||5px||false|false&#8221;][et_pb_column type=&#8221;1_6&#8243; _builder_version=&#8221;4.4.7&#8243; border_width_right=&#8221;1px&#8221; border_color_right=&#8221;#eae5e3&#8243;][et_pb_blurb use_icon=&#8221;on&#8221; font_icon=&#8221;%%386%%&#8221; use_icon_font_size=&#8221;on&#8221; icon_font_size=&#8221;53px&#8221; _builder_version=&#8221;4.4.7&#8243; body_text_align=&#8221;center&#8221;]<\/p>\n<p><strong>240<\/strong> Rooms<\/p>\n<p>[\/et_pb_blurb][\/et_pb_column][et_pb_column type=&#8221;1_6&#8243; _builder_version=&#8221;4.4.7&#8243; hover_enabled=&#8221;0&#8243; border_width_right=&#8221;1px&#8221; border_color_right=&#8221;#eae5e3&#8243; border_width_right_last_edited=&#8221;on|phone&#8221; border_width_right_phone=&#8221;0px&#8221;][et_pb_blurb use_icon=&#8221;on&#8221; font_icon=&#8221;%%383%%&#8221; use_icon_font_size=&#8221;on&#8221; icon_font_size=&#8221;53px&#8221; _builder_version=&#8221;4.4.7&#8243; body_text_align=&#8221;center&#8221; locked=&#8221;off&#8221;]<\/p>\n<p><strong>850\u00a0<\/strong>Beds<\/p>\n<p>[\/et_pb_blurb][\/et_pb_column][et_pb_column type=&#8221;1_6&#8243; _builder_version=&#8221;4.4.7&#8243; hover_enabled=&#8221;0&#8243; border_width_right=&#8221;1px&#8221; border_color_right=&#8221;#eae5e3&#8243; border_width_all_tablet=&#8221;0px&#8221; border_width_all_last_edited=&#8221;off|tablet&#8221; border_width_right_tablet=&#8221;0px&#8221; border_width_right_phone=&#8221;1px&#8221; border_width_right_last_edited=&#8221;on|tablet&#8221;][et_pb_blurb use_icon=&#8221;on&#8221; font_icon=&#8221;%%384%%&#8221; use_icon_font_size=&#8221;on&#8221; icon_font_size=&#8221;53px&#8221; _builder_version=&#8221;4.4.7&#8243; body_text_align=&#8221;center&#8221; locked=&#8221;off&#8221;]<\/p>\n<p><strong>1450\u00a0<\/strong>m2<\/p>\n<p>[\/et_pb_blurb][\/et_pb_column][et_pb_column type=&#8221;1_6&#8243; _builder_version=&#8221;4.4.7&#8243; hover_enabled=&#8221;0&#8243; border_width_right=&#8221;1px&#8221; border_color_right=&#8221;#eae5e3&#8243; border_width_right_last_edited=&#8221;on|phone&#8221; border_width_right_phone=&#8221;0px&#8221;][et_pb_blurb use_icon=&#8221;on&#8221; font_icon=&#8221;%%385%%&#8221; use_icon_font_size=&#8221;on&#8221; icon_font_size=&#8221;53px&#8221; _builder_version=&#8221;4.4.7&#8243; body_text_align=&#8221;center&#8221; locked=&#8221;off&#8221;]<\/p>\n<p><strong>2<\/strong> Restaurants<\/p>\n<p>[\/et_pb_blurb][\/et_pb_column][et_pb_column type=&#8221;1_6&#8243; _builder_version=&#8221;4.4.7&#8243; border_width_right=&#8221;1px&#8221; border_color_right=&#8221;#eae5e3&#8243;][et_pb_blurb use_icon=&#8221;on&#8221; font_icon=&#8221;%%382%%&#8221; use_icon_font_size=&#8221;on&#8221; icon_font_size=&#8221;53px&#8221; _builder_version=&#8221;4.4.7&#8243; body_text_align=&#8221;center&#8221; locked=&#8221;off&#8221;]<\/p>\n<p><strong>1<\/strong> Pool<\/p>\n<p>[\/et_pb_blurb][\/et_pb_column][et_pb_column type=&#8221;1_6&#8243; _builder_version=&#8221;4.4.7&#8243; border_width_right=&#8221;0px&#8221; border_color_right=&#8221;#eae5e3&#8243;][et_pb_blurb use_icon=&#8221;on&#8221; font_icon=&#8221;%%380%%&#8221; use_icon_font_size=&#8221;on&#8221; icon_font_size=&#8221;53px&#8221; _builder_version=&#8221;4.4.7&#8243; body_text_align=&#8221;center&#8221; locked=&#8221;off&#8221;]<\/p>\n<p><strong>2<\/strong> Elevators<\/p>\n<p>[\/et_pb_blurb][\/et_pb_column][\/et_pb_row][\/et_pb_section][et_pb_section fb_built=&#8221;1&#8243; _builder_version=&#8221;4.4.5&#8243; background_color=&#8221;#F8F6F5&#8243; custom_padding=&#8221;37px||20px|||&#8221;][et_pb_row column_structure=&#8221;1_4,1_4,1_4,1_4&#8243; use_custom_gutter=&#8221;on&#8221; gutter_width=&#8221;2&#8243; custom_padding_last_edited=&#8221;on|desktop&#8221; module_class=&#8221;room-list&#8221; _builder_version=&#8221;4.4.5&#8243; max_width=&#8221;94%&#8221; custom_padding=&#8221;||17px|||&#8221; custom_padding_tablet=&#8221;||0px||false|false&#8221; custom_padding_phone=&#8221;&#8221;][et_pb_column type=&#8221;1_4&#8243; _builder_version=&#8221;4.4.4&#8243;][et_pb_blurb title=&#8221;Standard room&#8221; image=&#8221;https:\/\/www.crorent.com\/themes\/6\/wp-content\/uploads\/2020\/05\/interior-1.jpg&#8221; module_class=&#8221;home-room&#8221; _builder_version=&#8221;4.4.6&#8243; header_text_align=&#8221;center&#8221; header_font_size=&#8221;22px&#8221; body_text_align=&#8221;center&#8221; background_color=&#8221;rgba(0,0,0,0)&#8221; custom_padding=&#8221;||25px||false|false&#8221; link_option_url=&#8221;#&#8221; custom_css_blurb_title=&#8221;margin-top: -5px;||margin-bottom: 5px;&#8221; border_color_all=&#8221;rgba(8,34,94,0.14)&#8221; border_width_bottom=&#8221;3px&#8221; border_color_bottom=&#8221;#F8F6F5&#8243; box_shadow_color__hover_enabled=&#8221;on|hover&#8221; box_shadow_color__hover=&#8221;#fab740&#8243; box_shadow_vertical__hover_enabled=&#8221;on|hover&#8221; box_shadow_vertical__hover=&#8221;8px&#8221; transform_styles__hover_enabled=&#8221;on|hover&#8221; transform_scale__hover_enabled=&#8221;on|hover&#8221; transform_translate__hover_enabled=&#8221;on|hover&#8221; transform_rotate__hover_enabled=&#8221;on|hover&#8221; transform_skew__hover_enabled=&#8221;on|hover&#8221; transform_origin__hover_enabled=&#8221;on|hover&#8221; background__hover_enabled=&#8221;on|hover&#8221; background_color__hover=&#8221;rgba(0,0,0,0)&#8221; background_enable_color__hover=&#8221;on&#8221; border_color_bottom__hover_enabled=&#8221;on|hover&#8221; border_color_bottom__hover=&#8221;#C59D5F&#8221;]<\/p>\n<p><em>from<\/em> <strong>250\u20ac\u00a0<\/strong>\/ night | <span class=\"et-pb-icon\">\ue033<\/span><span class=\"et-pb-icon\">\ue033<\/span><span class=\"et-pb-icon\">\ue033<\/span><\/p>\n<p>[\/et_pb_blurb][\/et_pb_column][et_pb_column type=&#8221;1_4&#8243; _builder_version=&#8221;4.4.4&#8243;][et_pb_blurb title=&#8221;Superior room&#8221; image=&#8221;https:\/\/www.crorent.com\/themes\/6\/wp-content\/uploads\/2020\/05\/interior-2.jpg&#8221; module_class=&#8221;home-room&#8221; _builder_version=&#8221;4.4.6&#8243; header_text_align=&#8221;center&#8221; header_font_size=&#8221;22px&#8221; body_text_align=&#8221;center&#8221; background_color=&#8221;rgba(0,0,0,0)&#8221; custom_padding=&#8221;||25px||false|false&#8221; link_option_url=&#8221;#&#8221; custom_css_blurb_title=&#8221;margin-top: -5px;||margin-bottom: 5px;&#8221; border_color_all=&#8221;rgba(8,34,94,0.14)&#8221; border_width_bottom=&#8221;3px&#8221; border_color_bottom=&#8221;#F8F6F5&#8243; box_shadow_vertical__hover=&#8221;8px&#8221; box_shadow_vertical__hover_enabled=&#8221;on|hover&#8221; box_shadow_color__hover=&#8221;#fab740&#8243; box_shadow_color__hover_enabled=&#8221;on|hover&#8221; transform_styles__hover_enabled=&#8221;on|hover&#8221; transform_scale__hover_enabled=&#8221;on|hover&#8221; transform_translate__hover_enabled=&#8221;on|desktop&#8221; transform_rotate__hover_enabled=&#8221;on|desktop&#8221; transform_skew__hover_enabled=&#8221;on|desktop&#8221; transform_origin__hover_enabled=&#8221;on|desktop&#8221; background_color__hover=&#8221;rgba(0,0,0,0)&#8221; background_enable_color__hover=&#8221;on&#8221; border_color_bottom__hover=&#8221;#C59D5F&#8221; border_color_bottom__hover_enabled=&#8221;on|hover&#8221; background__hover_enabled=&#8221;on|hover&#8221;]<\/p>\n<p><em>from<\/em> <strong>280\u20ac\u00a0<\/strong>\/ night | <span class=\"et-pb-icon\">\ue033<\/span><span class=\"et-pb-icon\">\ue033<\/span><span class=\"et-pb-icon\">\ue033\ue033\ue033<\/span><\/p>\n<p>[\/et_pb_blurb][\/et_pb_column][et_pb_column type=&#8221;1_4&#8243; _builder_version=&#8221;4.4.4&#8243;][et_pb_blurb title=&#8221;Terrace room&#8221; image=&#8221;https:\/\/www.crorent.com\/themes\/6\/wp-content\/uploads\/2020\/05\/interior-3.jpg&#8221; module_class=&#8221;home-room&#8221; _builder_version=&#8221;4.4.6&#8243; header_text_align=&#8221;center&#8221; header_font_size=&#8221;22px&#8221; body_text_align=&#8221;center&#8221; background_color=&#8221;rgba(0,0,0,0)&#8221; custom_padding=&#8221;||25px||false|false&#8221; link_option_url=&#8221;#&#8221; custom_css_blurb_title=&#8221;margin-top: -5px;||margin-bottom: 5px;&#8221; border_color_all=&#8221;rgba(8,34,94,0.14)&#8221; border_width_bottom=&#8221;3px&#8221; border_color_bottom=&#8221;#F8F6F5&#8243; box_shadow_vertical__hover=&#8221;8px&#8221; box_shadow_vertical__hover_enabled=&#8221;on|hover&#8221; box_shadow_color__hover=&#8221;#fab740&#8243; box_shadow_color__hover_enabled=&#8221;on|hover&#8221; transform_styles__hover_enabled=&#8221;on|hover&#8221; transform_scale__hover_enabled=&#8221;on|hover&#8221; transform_translate__hover_enabled=&#8221;on|hover&#8221; transform_rotate__hover_enabled=&#8221;on|desktop&#8221; transform_skew__hover_enabled=&#8221;on|desktop&#8221; transform_origin__hover_enabled=&#8221;on|desktop&#8221; background_color__hover=&#8221;rgba(0,0,0,0)&#8221; background_enable_color__hover=&#8221;on&#8221; border_color_bottom__hover=&#8221;#C59D5F&#8221; border_color_bottom__hover_enabled=&#8221;on|hover&#8221; background__hover_enabled=&#8221;on|hover&#8221;]<\/p>\n<p><em>from<\/em> <strong>360\u20ac\u00a0<\/strong>\/ night | <span class=\"et-pb-icon\">\ue033<\/span><span class=\"et-pb-icon\">\ue033<\/span><span class=\"et-pb-icon\">\ue033\ue033<\/span><\/p>\n<p>[\/et_pb_blurb][\/et_pb_column][et_pb_column type=&#8221;1_4&#8243; _builder_version=&#8221;4.4.4&#8243;][et_pb_blurb title=&#8221;Tripple room&#8221; image=&#8221;https:\/\/www.crorent.com\/themes\/6\/wp-content\/uploads\/2020\/05\/interior-5.jpg&#8221; module_class=&#8221;home-room&#8221; _builder_version=&#8221;4.4.4&#8243; header_text_align=&#8221;center&#8221; header_font_size=&#8221;22px&#8221; body_text_align=&#8221;center&#8221; background_color=&#8221;rgba(0,0,0,0)&#8221; transform_scale_linked=&#8221;off&#8221; custom_padding=&#8221;||25px||false|false&#8221; link_option_url=&#8221;#&#8221; custom_css_blurb_title=&#8221;margin-top: -5px;||margin-bottom: 5px;&#8221; border_color_all=&#8221;rgba(8,34,94,0.14)&#8221; border_width_bottom=&#8221;3px&#8221; border_color_bottom=&#8221;#F8F6F5&#8243; box_shadow_vertical__hover=&#8221;8px&#8221; box_shadow_vertical__hover_enabled=&#8221;on|hover&#8221; box_shadow_color__hover=&#8221;#fab740&#8243; box_shadow_color__hover_enabled=&#8221;on|hover&#8221; transform_styles__hover_enabled=&#8221;on|hover&#8221; transform_scale__hover_enabled=&#8221;on|hover&#8221; transform_translate__hover_enabled=&#8221;on|hover&#8221; transform_rotate__hover_enabled=&#8221;on|desktop&#8221; transform_skew__hover_enabled=&#8221;on|desktop&#8221; transform_origin__hover_enabled=&#8221;on|desktop&#8221; background_color__hover=&#8221;rgba(0,0,0,0)&#8221; background_enable_color__hover=&#8221;on&#8221; border_color_bottom__hover=&#8221;#C59D5F&#8221; border_color_bottom__hover_enabled=&#8221;on|hover&#8221; background__hover_enabled=&#8221;on|hover&#8221;]<\/p>\n<p><em>from<\/em> <strong>450\u20ac\u00a0<\/strong>\/ night | <span class=\"et-pb-icon\">\ue033<\/span><span class=\"et-pb-icon\">\ue033<\/span><span class=\"et-pb-icon\">\ue033<\/span><span class=\"et-pb-icon\">\ue033<\/span><\/p>\n<p>[\/et_pb_blurb][\/et_pb_column][\/et_pb_row][\/et_pb_section][et_pb_section fb_built=&#8221;1&#8243; _builder_version=&#8221;4.4.5&#8243; custom_padding=&#8221;20px||26px||false|false&#8221;][et_pb_row _builder_version=&#8221;4.4.5&#8243; custom_padding=&#8221;||15px|||&#8221;][et_pb_column type=&#8221;4_4&#8243; _builder_version=&#8221;4.4.5&#8243;][et_pb_text _builder_version=&#8221;4.4.7&#8243; header_2_font=&#8221;Playfair Display||||||||&#8221; header_2_text_align=&#8221;center&#8221; header_2_font_size=&#8221;30px&#8221; custom_margin=&#8221;||4px|||&#8221; header_2_font_size_tablet=&#8221;&#8221; header_2_font_size_phone=&#8221;33px&#8221; header_2_font_size_last_edited=&#8221;on|phone&#8221;]<\/p>\n<h2>Hotel description<\/h2>\n<p>[\/et_pb_text][et_pb_divider _builder_version=&#8221;4.4.7&#8243; width=&#8221;100px&#8221; module_alignment=&#8221;center&#8221; custom_margin=&#8221;||5px||false|false&#8221; custom_padding=&#8221;||0px||false|false&#8221;][\/et_pb_divider][et_pb_text _builder_version=&#8221;4.4.7&#8243; text_orientation=&#8221;center&#8221; max_width=&#8221;1200px&#8221; module_alignment=&#8221;center&#8221;]Ponekad samo izgled hotela nije ono \u0161to bi zadovoljilo visoke kriterije gostiju. Zbog toga smo ponosni na \u010dinjenicu \u0161to je hotel Split obiteljski hotel i kao takav omogu\u0107ava prijateljski odnos s gostima u kombinaciji s entuzijazmom i profesionalnost na najvi\u0161oj razini. Vo\u0111eni stra\u0161\u0107u i iskustvom u hotelijerstvu, obitelj Tomi\u0107 imala je jasnu viziju o osnivanju brenda koji \u0107e uz suvremeni dizajn i tehnologije, svojim gostima pobu\u0111ivati osje\u0107aj doma udaljenog od njihovog doma. Tako\u0111er, zbog veli\u010dine hotela i na\u010dina poslovanja, svaki gost osjetit \u0107e personalizirani pristup u zadovoljavanju iskazanih \u017eelja i prohtjeva, dok \u0107e svi djelatnici i Uprava hotela pokazati fleksibilnost i spremnost da Va\u0161 boravak u na\u0161em hotelu bude nezaboravan, bilo da ste do\u0161li na odmor ili s namjerom obavljanja nekakve poslovne djelatnosti[\/et_pb_text][\/et_pb_column][\/et_pb_row][et_pb_row _builder_version=&#8221;4.4.5&#8243; custom_padding=&#8221;||15px|||&#8221;][et_pb_column type=&#8221;4_4&#8243; _builder_version=&#8221;4.4.5&#8243;][et_pb_text _builder_version=&#8221;4.4.7&#8243; header_2_font=&#8221;Playfair Display||||||||&#8221; header_2_text_align=&#8221;center&#8221; header_2_font_size=&#8221;30px&#8221; custom_margin=&#8221;||4px|||&#8221; header_2_font_size_tablet=&#8221;&#8221; header_2_font_size_phone=&#8221;33px&#8221; header_2_font_size_last_edited=&#8221;on|phone&#8221;]<\/p>\n<h2>Hotel facilities<\/h2>\n<p>[\/et_pb_text][et_pb_divider _builder_version=&#8221;4.4.7&#8243; width=&#8221;100px&#8221; module_alignment=&#8221;center&#8221; custom_margin=&#8221;||0px||false|false&#8221; custom_padding=&#8221;||15px||false|false&#8221;][\/et_pb_divider][et_pb_text module_class=&#8221;hotel-facilities&#8221; _builder_version=&#8221;4.4.7&#8243; max_width=&#8221;1200px&#8221; module_alignment=&#8221;center&#8221;]<\/p>\n<ul>\n<li>Lorem ipsum dolor sit<span class=\"et-pb-icon\">N<\/span><\/li>\n<li>Elementum integer<span class=\"et-pb-icon\">N<\/span><\/li>\n<li>Sit amet commodo<span class=\"et-pb-icon\">N<\/span><\/li>\n<li>Lorem ipsum dolor sit<span class=\"et-pb-icon\">M<\/span><\/li>\n<li>Lorem ipsum dolor sit<span class=\"et-pb-icon\">N<\/span><\/li>\n<li>Lorem ipsum dolor sit<span class=\"et-pb-icon\">N<\/span><\/li>\n<li>Lorem ipsum dolor sit<span class=\"et-pb-icon\">M<\/span><\/li>\n<li>Lorem ipsum dolor sit<span class=\"et-pb-icon\">N<\/span><\/li>\n<li>Lorem ipsum dolor sit<span class=\"et-pb-icon\">N<\/span><\/li>\n<li>Lorem ipsum dolor sit<span class=\"et-pb-icon\">N<\/span><\/li>\n<li>Lorem ipsum dolor sit<span class=\"et-pb-icon\">N<\/span><\/li>\n<li>Lorem ipsum dolor sit<span class=\"et-pb-icon\">N<\/span><\/li>\n<li>Lorem ipsum dolor sit<span class=\"et-pb-icon\">N<\/span><\/li>\n<li>Lorem ipsum dolor sit<span class=\"et-pb-icon\">N<\/span><\/li>\n<li>Lorem ipsum dolor sit<span class=\"et-pb-icon\">N<\/span><\/li>\n<li>Lorem ipsum dolor sit<span class=\"et-pb-icon\">M<\/span><\/li>\n<li>Lorem ipsum dolor sit<span class=\"et-pb-icon\">N<\/span><\/li>\n<li>Lorem ipsum dolor sit<span class=\"et-pb-icon\">M<\/span><\/li>\n<li>Lorem ipsum dolor sit<span class=\"et-pb-icon\">N<\/span><\/li>\n<li>Lorem ipsum dolor sit<span class=\"et-pb-icon\">M<\/span><\/li>\n<li><\/li>\n<\/ul>\n<p>[\/et_pb_text][\/et_pb_column][\/et_pb_row][\/et_pb_section][et_pb_section fb_built=&#8221;1&#8243; _builder_version=&#8221;4.4.7&#8243; custom_padding=&#8221;0px||0px|||&#8221;][et_pb_row _builder_version=&#8221;4.4.7&#8243; background_color=&#8221;#f8f6f5&#8243; custom_padding=&#8221;62px|80px|56px|80px|false|true&#8221; hover_enabled=&#8221;0&#8243; custom_padding_last_edited=&#8221;on|phone&#8221; custom_padding_tablet=&#8221;62px|40px|56px|40px|false|true&#8221; custom_padding_phone=&#8221;|25px||25px|false|true&#8221;][et_pb_column type=&#8221;4_4&#8243; _builder_version=&#8221;4.4.7&#8243;][et_pb_text _builder_version=&#8221;4.4.7&#8243; header_2_font=&#8221;Playfair Display||||||||&#8221; header_2_text_align=&#8221;center&#8221; header_2_font_size=&#8221;30px&#8221; header_3_font=&#8221;Nunito Sans|300||on|||||&#8221; header_3_text_align=&#8221;center&#8221; header_3_font_size=&#8221;19px&#8221; custom_margin=&#8221;||20px||false|false&#8221; header_2_font_size_tablet=&#8221;&#8221; header_2_font_size_phone=&#8221;33px&#8221; header_2_font_size_last_edited=&#8221;on|phone&#8221;]<\/p>\n<h3>Guest Services<\/h3>\n<p>[\/et_pb_text][et_pb_text module_class=&#8221;guest-services&#8221; _builder_version=&#8221;4.4.7&#8243;]<\/p>\n<ul>\n<li>Breakfast service free of charge, served from 06:30 a.m. \u2013 10:00 a.m.<\/li>\n<li>Wi-fi free of charge<\/li>\n<li>Fitness center free of charge, available 24\/7<\/li>\n<li>Business center free of charge, available 24\/7<\/li>\n<li>Copy services, charge 0,13 \u20ac per page<\/li>\n<li>Fax services, free of charge<\/li>\n<li>Restaurant services, hotel guests have 10% discount on regular rates<\/li>\n<li>Room service (6:30 a.m. to 10 p.m.), charge is 20% on regular rates<\/li>\n<li>Parking service, charge 14,00 \u20ac per day during week days (Mon \u2013 Thu), 12,00 \u20ac per day during weekend (Fri \u2013 Sun)<\/li>\n<li>Transfer services from\/ to airport, charge is 27,00 \u20ac one way<\/li>\n<li>Hairdresser services, hotel guests have 20% price discount<\/li>\n<li>Beauty salon services, hotel guests have 20% price discount<\/li>\n<\/ul>\n<p>[\/et_pb_text][\/et_pb_column][\/et_pb_row][\/et_pb_section]<\/p>\n","protected":false},"excerpt":{"rendered":"<p>[et_pb_section fb_built=&#8221;1&#8243; _builder_version=&#8221;4.4.5&#8243; custom_padding=&#8221;0px||0px|||&#8221; locked=&#8221;off&#8221;][et_pb_row custom_padding_last_edited=&#8221;on|phone&#8221; _builder_version=&#8221;4.4.7&#8243; background_image=&#8221;https:\/\/www.crorent.com\/themes\/6\/wp-content\/uploads\/2020\/05\/slide-2.jpg&#8221; custom_padding=&#8221;420px||0px||false|false&#8221; custom_padding_tablet=&#8221;&#8221; custom_padding_phone=&#8221;320px||||false|false&#8221;][et_pb_column type=&#8221;4_4&#8243; _builder_version=&#8221;4.4.6&#8243;][et_pb_text _builder_version=&#8221;4.4.7&#8243; header_text_align=&#8221;center&#8221; header_font_size=&#8221;36px&#8221; background_color=&#8221;#ffffff&#8221; positioning=&#8221;absolute&#8221; position_origin_a=&#8221;bottom_center&#8221; width=&#8221;80%&#8221; custom_padding=&#8221;15px|45px|8px|45px|false|true&#8221; custom_padding_tablet=&#8221;&#8221; custom_padding_phone=&#8221;15px|30px|8px|30px|false|true&#8221; custom_padding_last_edited=&#8221;on|phone&#8221; header_font_size_tablet=&#8221;33px&#8221; header_font_size_phone=&#8221;&#8221; header_font_size_last_edited=&#8221;on|tablet&#8221;] About hotel [\/et_pb_text][\/et_pb_column][\/et_pb_row][\/et_pb_section][et_pb_section fb_built=&#8221;1&#8243; _builder_version=&#8221;4.4.6&#8243; z_index=&#8221;0&#8243; custom_padding=&#8221;2px||16px||false|false&#8221;][et_pb_row _builder_version=&#8221;4.4.6&#8243; custom_margin=&#8221;-1px||0px||false|false&#8221; custom_padding=&#8221;0px||0px||false|false&#8221; locked=&#8221;off&#8221;][et_pb_column type=&#8221;4_4&#8243; _builder_version=&#8221;4.4.5&#8243;][et_pb_divider _builder_version=&#8221;4.4.5&#8243; width=&#8221;100px&#8221; module_alignment=&#8221;center&#8221; custom_margin=&#8221;||0px||false|false&#8221; custom_padding=&#8221;||0px||false|false&#8221;][\/et_pb_divider][\/et_pb_column][\/et_pb_row][et_pb_row column_structure=&#8221;1_6,1_6,1_6,1_6,1_6,1_6&#8243; use_custom_gutter=&#8221;on&#8221; gutter_width=&#8221;1&#8243; module_class=&#8221;hotel-features-wrapper&#8221; _builder_version=&#8221;4.4.7&#8243; hover_enabled=&#8221;0&#8243; custom_margin_last_edited=&#8221;on|tablet&#8221; custom_padding=&#8221;||5px||false|false&#8221;][et_pb_column type=&#8221;1_6&#8243; _builder_version=&#8221;4.4.7&#8243; [&hellip;]<\/p>\n","protected":false},"author":1,"featured_media":0,"parent":0,"menu_order":0,"comment_status":"closed","ping_status":"closed","template":"","meta":{"_et_pb_use_builder":"on","_et_pb_old_content":"","_et_gb_content_width":""},"_links":{"self":[{"href":"https:\/\/www.crorent.com\/themes\/6\/wp-json\/wp\/v2\/pages\/1391"}],"collection":[{"href":"https:\/\/www.crorent.com\/themes\/6\/wp-json\/wp\/v2\/pages"}],"about":[{"href":"https:\/\/www.crorent.com\/themes\/6\/wp-json\/wp\/v2\/types\/page"}],"author":[{"embeddable":true,"href":"https:\/\/www.crorent.com\/themes\/6\/wp-json\/wp\/v2\/users\/1"}],"replies":[{"embeddable":true,"href":"https:\/\/www.crorent.com\/themes\/6\/wp-json\/wp\/v2\/comments?post=1391"}],"version-history":[{"count":34,"href":"https:\/\/www.crorent.com\/themes\/6\/wp-json\/wp\/v2\/pages\/1391\/revisions"}],"predecessor-version":[{"id":1571,"href":"https:\/\/www.crorent.com\/themes\/6\/wp-json\/wp\/v2\/pages\/1391\/revisions\/1571"}],"wp:attachment":[{"href":"https:\/\/www.crorent.com\/themes\/6\/wp-json\/wp\/v2\/media?parent=1391"}],"curies":[{"name":"wp","href":"https:\/\/api.w.org\/{rel}","templated":true}]}}