{"id":2378,"date":"2020-07-20T08:37:38","date_gmt":"2020-07-20T06:37:38","guid":{"rendered":"https:\/\/www.crorent.com\/themes\/7\/what-to-visit-2\/"},"modified":"2020-07-20T09:09:50","modified_gmt":"2020-07-20T07:09:50","slug":"what-to-visit","status":"publish","type":"page","link":"https:\/\/www.crorent.com\/themes\/7\/what-to-visit\/","title":{"rendered":"AUTO GENERATED BY AIRentals PLUGIN Destination list"},"content":{"rendered":"<p><strong>MOLIMO NE MIJENJATI NI BRISATI !<\/strong><\/p>\n<p>Stranica je generirana putem AIRentals plugina \u0161to zna\u010di da se za ure\u0111ivanje koristi namjensko, profesionalno su\u010delje za turizam dostupno na adreesi <a href=\"http:\/\/cms.airentals.net\">cms.airentals.net<\/a><\/p>\n<p>Prijavom na AIRentals su\u010delje u standarnom dijelu postavljanja podataka o objektima, opisima, fotografijama , cjenicima i dr. mijenjaju se podaci koji se prikazuju na ovoj stranici.<\/p>\n<p>Ukoliko \u017eelite koristiti vlastito rje\u0161enja za prikazivanje stranice objekta uvijek to mo\u017eete napravit na na\u010din da isklju\u010dite u izborniku prikazivanje stranica generiranih AIRentals pluginom i uklju\u010dite prikazivanje stranice\/stranica koje ste kreirali direktno u WordPressu.<\/p>\n<p>Molimo ne brisati ovu stranicu osim ako je dalje ne \u017eelite koristiti.<br \/>\nAko je gre\u0161kom izbri\u0161ete, mo\u017eete je ponovo generirati kroz AIRentals plugin.<\/p>\n<p>AIRentals plugin dostupan je u glavnom WordPress izborniku na bloku Setting\/Postavke \/ AIRentals plugin.<\/p>\n<p>Ukoliko imate pitanja oko funkcioniranja ovog dijela molimo kontaktirajte nas na:<br \/>\nEmail:\u00a0\u00a0 info@airentals.net<br \/>\nili putem kontakt podataka na stranici www.crorent.com<\/p>\n<p>&nbsp;<\/p>\n<p>&nbsp;<\/p>\n","protected":false},"excerpt":{"rendered":"<p>MOLIMO NE MIJENJATI NI BRISATI ! Stranica je generirana putem AIRentals plugina \u0161to zna\u010di da se za ure\u0111ivanje koristi namjensko, profesionalno su\u010delje za turizam dostupno na adreesi cms.airentals.net Prijavom na AIRentals su\u010delje u standarnom dijelu postavljanja podataka o objektima, opisima, fotografijama , cjenicima i dr. mijenjaju se podaci koji se prikazuju na ovoj stranici. Ukoliko [&hellip;]<\/p>\n","protected":false},"author":1,"featured_media":560,"parent":0,"menu_order":0,"comment_status":"closed","ping_status":"closed","template":"501_AIR_destination_list.php","meta":{"_et_pb_use_builder":"","_et_pb_old_content":"","_et_gb_content_width":""},"_links":{"self":[{"href":"https:\/\/www.crorent.com\/themes\/7\/wp-json\/wp\/v2\/pages\/2378"}],"collection":[{"href":"https:\/\/www.crorent.com\/themes\/7\/wp-json\/wp\/v2\/pages"}],"about":[{"href":"https:\/\/www.crorent.com\/themes\/7\/wp-json\/wp\/v2\/types\/page"}],"author":[{"embeddable":true,"href":"https:\/\/www.crorent.com\/themes\/7\/wp-json\/wp\/v2\/users\/1"}],"replies":[{"embeddable":true,"href":"https:\/\/www.crorent.com\/themes\/7\/wp-json\/wp\/v2\/comments?post=2378"}],"version-history":[{"count":1,"href":"https:\/\/www.crorent.com\/themes\/7\/wp-json\/wp\/v2\/pages\/2378\/revisions"}],"predecessor-version":[{"id":2501,"href":"https:\/\/www.crorent.com\/themes\/7\/wp-json\/wp\/v2\/pages\/2378\/revisions\/2501"}],"wp:featuredmedia":[{"embeddable":true,"href":"https:\/\/www.crorent.com\/themes\/7\/wp-json\/wp\/v2\/media\/560"}],"wp:attachment":[{"href":"https:\/\/www.crorent.com\/themes\/7\/wp-json\/wp\/v2\/media?parent=2378"}],"curies":[{"name":"wp","href":"https:\/\/api.w.org\/{rel}","templated":true}]}}